{"id":680,"date":"2025-02-18T12:08:14","date_gmt":"2025-02-18T11:08:14","guid":{"rendered":"https:\/\/dosserveis.com\/privacy-policy\/"},"modified":"2025-03-04T10:06:25","modified_gmt":"2025-03-04T09:06:25","slug":"privacy-policy","status":"publish","type":"page","link":"https:\/\/dosserveis.com\/es\/privacy-policy\/","title":{"rendered":"Pol\u00edtica de privacidad"},"content":{"rendered":"\t\t<div data-elementor-type=\"wp-page\" data-elementor-id=\"680\" class=\"elementor elementor-680 elementor-3\" data-elementor-post-type=\"page\">\n\t\t\t\t<div class=\"elementor-element elementor-element-381a9d53 e-flex e-con-boxed e-con e-parent\" data-id=\"381a9d53\" data-element_type=\"container\" data-e-type=\"container\">\n\t\t\t\t\t<div class=\"e-con-inner\">\n\t\t\t\t<div class=\"elementor-element elementor-element-376775eb elementor-widget elementor-widget-heading\" data-id=\"376775eb\" data-element_type=\"widget\" data-e-type=\"widget\" data-widget_type=\"heading.default\">\n\t\t\t\t<div class=\"elementor-widget-container\">\n\t\t\t\t\t<h2 class=\"elementor-heading-title elementor-size-default\">Pol\u00edtica de privacidad<\/h2>\t\t\t\t<\/div>\n\t\t\t\t<\/div>\n\t\t\t\t<div class=\"elementor-element elementor-element-7cb38fab elementor-widget elementor-widget-text-editor\" data-id=\"7cb38fab\" data-element_type=\"widget\" data-e-type=\"widget\" data-widget_type=\"text-editor.default\">\n\t\t\t\t<div class=\"elementor-widget-container\">\n\t\t\t\t\t\t\t\t\t<p><b>1.- RESPONSABLE<\/b><b><\/b><\/p><p>Doskfred, SL &#8211; CIF B17722059<\/p><p>Direcci\u00f3n de contacto: Ctra. GI-522 Km. 3,9 Nave 1-2 17858-La Canya (Girona)  <\/p><p>Correo electr\u00f3nico: <a href=\"mailto:info@dosserveis.com\">info@dosserveis.com<\/a><\/p><p>Tel\u00e9fono de contacto: 972271716<\/p><p>P\u00e1gina web: <a href=\"https:\/\/www.dosserveis.com\/\">www.dosserveis.com<\/a><\/p><p><b>2.- PROCEDENCIA, FINALIDAD Y DESTINATARIOS<\/b><b><\/b><\/p><p>Deber\u00e1n rellenarse todos los datos solicitados en el formulario de contacto.<\/p><p>&#8211; Datos personales de solicitante.<\/p><p>Los datos personales son proporcionados directamente por los propios interesados \u200b\u200bcon el fin de gestionar la solicitud de informaci\u00f3n. Podemos recoger datos personales identificativos y de contacto. <\/p><p>Por \u00faltimo, se enviar\u00e1 informaci\u00f3n por medios electr\u00f3nicos sobre las futuras actividades que lleve a cabo la entidad a aquellos interesados \u200b\u200bque, debidamente informados durante la recogida de datos no se opongan.<\/p><p>\u2013 Solicitantes de informaci\u00f3n<\/p><p>Los datos personales proceden del propio interesado que nos los proporciona al completar el formulario de contacto en la p\u00e1gina web, al llamarnos por tel\u00e9fono, al enviarnos un correo electr\u00f3nico o mediante consultas a las redes sociales en las que tiene presencia la entidad.<\/p><p>Estos datos se utilizan con el fin de resolver las consultas y proporcionar informaci\u00f3n de car\u00e1cter comercial a aquellos que lo soliciten o lo autoricen expresamente, principalmente a trav\u00e9s del correo electr\u00f3nico.<\/p><p><b>3.- LEGITIMACI\u00d3N Y CONSERVACI\u00d3N<\/b><b><\/b><\/p><p>Legitimaci\u00f3n \u2013 En primer lugar, podemos tratar los datos para que los propios interesados \u200b\u200bo sus responsables nos los proporcionen para gestionar su registro como usuario en la web.<\/p><p>Tambi\u00e9n pedimos permiso a estas personas para el tratamiento de sus datos, para los casos en los que la legislaci\u00f3n vigente as\u00ed nos lo exige, principalmente en relaci\u00f3n al env\u00edo de correos electr\u00f3nicos comerciales.<\/p><p>Por \u00faltimo, en ocasiones alguna ley nos va a pedir que presentemos o conservemos determinada documentaci\u00f3n en la que pueden aparecen datos personales de nuestros clientes como puede ser la Ley general tributaria, por lo que deberemos tratar estos datos en su cumplimiento.<\/p><p>Conservaci\u00f3n \u2013 Una vez que los datos no sean necesarios para los fines con los que fueron recogidos, deben conservarse a disposici\u00f3n de las administraciones p\u00fablicas competentes, jueces y tribunales durante los plazos legales de conservaci\u00f3n, es decir mientras una ley nos pueda exigir que los presentemos. Expirados estos plazos se mantendr\u00e1n bloqueados hasta que sea posible su posterior destrucci\u00f3n o supresi\u00f3n. <\/p><p><b>4.- DESTINATARIOS FUERA DE LA UNI\u00d3N EUROPEA<\/b><b><\/b><\/p><p>No cedemos datos personales a terceros ni contamos con proveedores que nos presten servicios basados \u200b\u200bfuera de la Uni\u00f3n Europea.<\/p><p><b>5.- CONSENTIMIENTO<\/b><b><\/b><\/p><p>El consentimiento para los siguientes tratamientos se recoge de forma libre, espec\u00edfica, informada e inequ\u00edvoca mediante casillas en los propios formularios.<\/p><p>Adem\u00e1s, si usted no desea recibir comunicaciones por correo electr\u00f3nico puede oponer de forma sencilla en los mismos formularios.<\/p><p>\u2013 Oposici\u00f3n a recibir comunicaciones electr\u00f3nicas.<\/p><p><b>6.- DERECHOS<\/b><b><\/b><\/p><p>Usted podr\u00e1:<\/p><p>\u2013 Retirar su consentimiento o ejercer sus derechos de:<\/p><p>\u2022 Acceso, o conocer que datos personales tratamos de usted.<\/p><p>\u2022 Rectificaci\u00f3n, o corregir datos personales incorrectos o inexactos.<\/p><p>\u2022 Supresi\u00f3n, o eliminar los datos personales que tenemos de usted.<\/p><p>\u2022 Oposici\u00f3n, oa que dejamos de tratar sus datos personales.<\/p><p>\u2022 Limitaci\u00f3n, o restringir el tratamiento que realizamos.<\/p><p>\u2022 Portabilidad, oa que le proporcionamos sus datos personales.<\/p><p>Sobre los datos de car\u00e1cter personal presentando una copia de un documento identificativo y exponiendo brevemente su caso y el derecho que desea ejercer, mediante carta dirigida a Ctra. GI-522 Km. 3,9 Nave 1-2 17858-La Ca\u00f1a (Girona) o  <span class=\"Apple-converted-space\">  <\/span><a href=\"mailto:info@dosserveis.com\">info@dosserveis.com<\/a><\/p><p>Puede encontrar m\u00e1s informaci\u00f3n sobre sus derechos o presentar una reclamaci\u00f3n ante la autoridad de control competente en la Agencia Espa\u00f1ola de Protecci\u00f3n de Datos http:\/\/www.agpd.es \u2013 C\/ Jorge Juan, 6. 28001 \u2013 Madrid (901.100.099 \u2013 912.663.517) <\/p>\t\t\t\t\t\t\t\t<\/div>\n\t\t\t\t<\/div>\n\t\t\t\t\t<\/div>\n\t\t\t\t<\/div>\n\t\t\t\t<\/div>\n\t\t","protected":false},"excerpt":{"rendered":"<p>Pol\u00edtica de privacidad 1.- RESPONSABLE Doskfred, SL &#8211; CIF B17722059 Direcci\u00f3n de contacto: Ctra. GI-522 Km. 3,9 Nave 1-2 17858-La Canya (Girona) Correo electr\u00f3nico: info@dosserveis.com Tel\u00e9fono de contacto: 972271716 P\u00e1gina web: www.dosserveis.com 2.- PROCEDENCIA, FINALIDAD Y DESTINATARIOS Deber\u00e1n rellenarse todos los datos solicitados en el formulario de contacto. &#8211; Datos personales de solicitante. Los datos [&hellip;]<\/p>\n","protected":false},"author":1,"featured_media":597,"parent":0,"menu_order":0,"comment_status":"closed","ping_status":"closed","template":"elementor_header_footer","meta":{"footnotes":""},"class_list":["post-680","page","type-page","status-publish","has-post-thumbnail","hentry"],"yoast_head":"<!-- This site is optimized with the Yoast SEO plugin v27.4 - https:\/\/yoast.com\/product\/yoast-seo-wordpress\/ -->\n<title>Pol\u00edtica de privacidad - Dos Serveis<\/title>\n<meta name=\"description\" content=\"Consulta la pol\u00edtica de privacidad de Dos Serveis y descubre c\u00f3mo protegemos tus datos personales y garantizamos tu seguridad.\" \/>\n<meta name=\"robots\" content=\"index, follow, max-snippet:-1, max-image-preview:large, max-video-preview:-1\" \/>\n<link rel=\"canonical\" href=\"https:\/\/dosserveis.com\/es\/privacy-policy\/\" \/>\n<meta property=\"og:locale\" content=\"es_ES\" \/>\n<meta property=\"og:type\" content=\"article\" \/>\n<meta property=\"og:title\" content=\"Pol\u00edtica de privacidad - Dos Serveis\" \/>\n<meta property=\"og:description\" content=\"Consulta la pol\u00edtica de privacidad de Dos Serveis y descubre c\u00f3mo protegemos tus datos personales y garantizamos tu seguridad.\" \/>\n<meta property=\"og:url\" content=\"https:\/\/dosserveis.com\/es\/privacy-policy\/\" \/>\n<meta property=\"og:site_name\" content=\"Dos Serveis\" \/>\n<meta property=\"article:modified_time\" content=\"2025-03-04T09:06:25+00:00\" \/>\n<meta property=\"og:image\" content=\"https:\/\/dosserveis.com\/wp-content\/uploads\/2025\/02\/doserveis.png\" \/>\n\t<meta property=\"og:image:width\" content=\"156\" \/>\n\t<meta property=\"og:image:height\" content=\"132\" \/>\n\t<meta property=\"og:image:type\" content=\"image\/png\" \/>\n<meta name=\"twitter:card\" content=\"summary_large_image\" \/>\n<meta name=\"twitter:label1\" content=\"Tiempo de lectura\" \/>\n\t<meta name=\"twitter:data1\" content=\"3 minutos\" \/>\n<script type=\"application\/ld+json\" class=\"yoast-schema-graph\">{\"@context\":\"https:\\\/\\\/schema.org\",\"@graph\":[{\"@type\":\"WebPage\",\"@id\":\"https:\\\/\\\/dosserveis.com\\\/es\\\/privacy-policy\\\/\",\"url\":\"https:\\\/\\\/dosserveis.com\\\/es\\\/privacy-policy\\\/\",\"name\":\"Pol\u00edtica de privacidad - Dos Serveis\",\"isPartOf\":{\"@id\":\"https:\\\/\\\/dosserveis.com\\\/#website\"},\"primaryImageOfPage\":{\"@id\":\"https:\\\/\\\/dosserveis.com\\\/es\\\/privacy-policy\\\/#primaryimage\"},\"image\":{\"@id\":\"https:\\\/\\\/dosserveis.com\\\/es\\\/privacy-policy\\\/#primaryimage\"},\"thumbnailUrl\":\"https:\\\/\\\/dosserveis.com\\\/wp-content\\\/uploads\\\/2025\\\/02\\\/doserveis.png\",\"datePublished\":\"2025-02-18T11:08:14+00:00\",\"dateModified\":\"2025-03-04T09:06:25+00:00\",\"description\":\"Consulta la pol\u00edtica de privacidad de Dos Serveis y descubre c\u00f3mo protegemos tus datos personales y garantizamos tu seguridad.\",\"breadcrumb\":{\"@id\":\"https:\\\/\\\/dosserveis.com\\\/es\\\/privacy-policy\\\/#breadcrumb\"},\"inLanguage\":\"es\",\"potentialAction\":[{\"@type\":\"ReadAction\",\"target\":[\"https:\\\/\\\/dosserveis.com\\\/es\\\/privacy-policy\\\/\"]}]},{\"@type\":\"ImageObject\",\"inLanguage\":\"es\",\"@id\":\"https:\\\/\\\/dosserveis.com\\\/es\\\/privacy-policy\\\/#primaryimage\",\"url\":\"https:\\\/\\\/dosserveis.com\\\/wp-content\\\/uploads\\\/2025\\\/02\\\/doserveis.png\",\"contentUrl\":\"https:\\\/\\\/dosserveis.com\\\/wp-content\\\/uploads\\\/2025\\\/02\\\/doserveis.png\",\"width\":156,\"height\":132,\"caption\":\"dos serveis logotip\"},{\"@type\":\"BreadcrumbList\",\"@id\":\"https:\\\/\\\/dosserveis.com\\\/es\\\/privacy-policy\\\/#breadcrumb\",\"itemListElement\":[{\"@type\":\"ListItem\",\"position\":1,\"name\":\"Inici\",\"item\":\"https:\\\/\\\/dosserveis.com\\\/es\\\/inicio\\\/\"},{\"@type\":\"ListItem\",\"position\":2,\"name\":\"Pol\u00edtica de privacidad\"}]},{\"@type\":\"WebSite\",\"@id\":\"https:\\\/\\\/dosserveis.com\\\/#website\",\"url\":\"https:\\\/\\\/dosserveis.com\\\/\",\"name\":\"Dos Serveis\",\"description\":\"Empresa dedicada al servei de l\u2019hostaleria i al fred comercial amb m\u00e9s de 20 anys d\u2019experi\u00e8ncia. Dos Serveis\u00a0va ser fundada l\u2019any\u00a01994 per dos joves emprenedors que\u00a0acumulaven\u00a0anys de professionalitat\u00a0en altres\u00a0empreses del sector.\u00a0La nostra empresa va dirigida als comer\u00e7os hostalers, col\u00b7legis, resid\u00e8ncies, empreses i tot el que tingui relaci\u00f3\u00a0amb l\u2019hostaleria.\",\"publisher\":{\"@id\":\"https:\\\/\\\/dosserveis.com\\\/#organization\"},\"potentialAction\":[{\"@type\":\"SearchAction\",\"target\":{\"@type\":\"EntryPoint\",\"urlTemplate\":\"https:\\\/\\\/dosserveis.com\\\/?s={search_term_string}\"},\"query-input\":{\"@type\":\"PropertyValueSpecification\",\"valueRequired\":true,\"valueName\":\"search_term_string\"}}],\"inLanguage\":\"es\"},{\"@type\":\"Organization\",\"@id\":\"https:\\\/\\\/dosserveis.com\\\/#organization\",\"name\":\"Dos Serveis\",\"url\":\"https:\\\/\\\/dosserveis.com\\\/\",\"logo\":{\"@type\":\"ImageObject\",\"inLanguage\":\"es\",\"@id\":\"https:\\\/\\\/dosserveis.com\\\/#\\\/schema\\\/logo\\\/image\\\/\",\"url\":\"https:\\\/\\\/dosserveis.com\\\/wp-content\\\/uploads\\\/2025\\\/02\\\/doserveis.png\",\"contentUrl\":\"https:\\\/\\\/dosserveis.com\\\/wp-content\\\/uploads\\\/2025\\\/02\\\/doserveis.png\",\"width\":156,\"height\":132,\"caption\":\"Dos Serveis\"},\"image\":{\"@id\":\"https:\\\/\\\/dosserveis.com\\\/#\\\/schema\\\/logo\\\/image\\\/\"},\"sameAs\":[\"https:\\\/\\\/www.instagram.com\\\/dosserveisolot\\\/\"]}]}<\/script>\n<!-- \/ Yoast SEO plugin. -->","yoast_head_json":{"title":"Pol\u00edtica de privacidad - Dos Serveis","description":"Consulta la pol\u00edtica de privacidad de Dos Serveis y descubre c\u00f3mo protegemos tus datos personales y garantizamos tu seguridad.","robots":{"index":"index","follow":"follow","max-snippet":"max-snippet:-1","max-image-preview":"max-image-preview:large","max-video-preview":"max-video-preview:-1"},"canonical":"https:\/\/dosserveis.com\/es\/privacy-policy\/","og_locale":"es_ES","og_type":"article","og_title":"Pol\u00edtica de privacidad - Dos Serveis","og_description":"Consulta la pol\u00edtica de privacidad de Dos Serveis y descubre c\u00f3mo protegemos tus datos personales y garantizamos tu seguridad.","og_url":"https:\/\/dosserveis.com\/es\/privacy-policy\/","og_site_name":"Dos Serveis","article_modified_time":"2025-03-04T09:06:25+00:00","og_image":[{"width":156,"height":132,"url":"https:\/\/dosserveis.com\/wp-content\/uploads\/2025\/02\/doserveis.png","type":"image\/png"}],"twitter_card":"summary_large_image","twitter_misc":{"Tiempo de lectura":"3 minutos"},"schema":{"@context":"https:\/\/schema.org","@graph":[{"@type":"WebPage","@id":"https:\/\/dosserveis.com\/es\/privacy-policy\/","url":"https:\/\/dosserveis.com\/es\/privacy-policy\/","name":"Pol\u00edtica de privacidad - Dos Serveis","isPartOf":{"@id":"https:\/\/dosserveis.com\/#website"},"primaryImageOfPage":{"@id":"https:\/\/dosserveis.com\/es\/privacy-policy\/#primaryimage"},"image":{"@id":"https:\/\/dosserveis.com\/es\/privacy-policy\/#primaryimage"},"thumbnailUrl":"https:\/\/dosserveis.com\/wp-content\/uploads\/2025\/02\/doserveis.png","datePublished":"2025-02-18T11:08:14+00:00","dateModified":"2025-03-04T09:06:25+00:00","description":"Consulta la pol\u00edtica de privacidad de Dos Serveis y descubre c\u00f3mo protegemos tus datos personales y garantizamos tu seguridad.","breadcrumb":{"@id":"https:\/\/dosserveis.com\/es\/privacy-policy\/#breadcrumb"},"inLanguage":"es","potentialAction":[{"@type":"ReadAction","target":["https:\/\/dosserveis.com\/es\/privacy-policy\/"]}]},{"@type":"ImageObject","inLanguage":"es","@id":"https:\/\/dosserveis.com\/es\/privacy-policy\/#primaryimage","url":"https:\/\/dosserveis.com\/wp-content\/uploads\/2025\/02\/doserveis.png","contentUrl":"https:\/\/dosserveis.com\/wp-content\/uploads\/2025\/02\/doserveis.png","width":156,"height":132,"caption":"dos serveis logotip"},{"@type":"BreadcrumbList","@id":"https:\/\/dosserveis.com\/es\/privacy-policy\/#breadcrumb","itemListElement":[{"@type":"ListItem","position":1,"name":"Inici","item":"https:\/\/dosserveis.com\/es\/inicio\/"},{"@type":"ListItem","position":2,"name":"Pol\u00edtica de privacidad"}]},{"@type":"WebSite","@id":"https:\/\/dosserveis.com\/#website","url":"https:\/\/dosserveis.com\/","name":"Dos Serveis","description":"Empresa dedicada al servei de l\u2019hostaleria i al fred comercial amb m\u00e9s de 20 anys d\u2019experi\u00e8ncia. Dos Serveis\u00a0va ser fundada l\u2019any\u00a01994 per dos joves emprenedors que\u00a0acumulaven\u00a0anys de professionalitat\u00a0en altres\u00a0empreses del sector.\u00a0La nostra empresa va dirigida als comer\u00e7os hostalers, col\u00b7legis, resid\u00e8ncies, empreses i tot el que tingui relaci\u00f3\u00a0amb l\u2019hostaleria.","publisher":{"@id":"https:\/\/dosserveis.com\/#organization"},"potentialAction":[{"@type":"SearchAction","target":{"@type":"EntryPoint","urlTemplate":"https:\/\/dosserveis.com\/?s={search_term_string}"},"query-input":{"@type":"PropertyValueSpecification","valueRequired":true,"valueName":"search_term_string"}}],"inLanguage":"es"},{"@type":"Organization","@id":"https:\/\/dosserveis.com\/#organization","name":"Dos Serveis","url":"https:\/\/dosserveis.com\/","logo":{"@type":"ImageObject","inLanguage":"es","@id":"https:\/\/dosserveis.com\/#\/schema\/logo\/image\/","url":"https:\/\/dosserveis.com\/wp-content\/uploads\/2025\/02\/doserveis.png","contentUrl":"https:\/\/dosserveis.com\/wp-content\/uploads\/2025\/02\/doserveis.png","width":156,"height":132,"caption":"Dos Serveis"},"image":{"@id":"https:\/\/dosserveis.com\/#\/schema\/logo\/image\/"},"sameAs":["https:\/\/www.instagram.com\/dosserveisolot\/"]}]}},"_links":{"self":[{"href":"https:\/\/dosserveis.com\/es\/wp-json\/wp\/v2\/pages\/680","targetHints":{"allow":["GET"]}}],"collection":[{"href":"https:\/\/dosserveis.com\/es\/wp-json\/wp\/v2\/pages"}],"about":[{"href":"https:\/\/dosserveis.com\/es\/wp-json\/wp\/v2\/types\/page"}],"author":[{"embeddable":true,"href":"https:\/\/dosserveis.com\/es\/wp-json\/wp\/v2\/users\/1"}],"replies":[{"embeddable":true,"href":"https:\/\/dosserveis.com\/es\/wp-json\/wp\/v2\/comments?post=680"}],"version-history":[{"count":6,"href":"https:\/\/dosserveis.com\/es\/wp-json\/wp\/v2\/pages\/680\/revisions"}],"predecessor-version":[{"id":777,"href":"https:\/\/dosserveis.com\/es\/wp-json\/wp\/v2\/pages\/680\/revisions\/777"}],"wp:featuredmedia":[{"embeddable":true,"href":"https:\/\/dosserveis.com\/es\/wp-json\/wp\/v2\/media\/597"}],"wp:attachment":[{"href":"https:\/\/dosserveis.com\/es\/wp-json\/wp\/v2\/media?parent=680"}],"curies":[{"name":"wp","href":"https:\/\/api.w.org\/{rel}","templated":true}]}}